{"id":13,"date":"2022-06-11T05:53:16","date_gmt":"2022-06-11T05:53:16","guid":{"rendered":"https:\/\/ense.com.uy\/?page_id=13"},"modified":"2022-07-18T03:01:42","modified_gmt":"2022-07-18T03:01:42","slug":"acerca-de","status":"publish","type":"page","link":"https:\/\/ense.com.uy\/index.php\/acerca-de\/","title":{"rendered":"Acerca de"},"content":{"rendered":"\n<p>Nuestro equipo de&nbsp;<strong>electricistas<\/strong>&nbsp;est\u00e1 capacitado para realizar todo tipo de instalaciones: desde puntos de recarga para veh\u00edculos el\u00e9ctricos, a tramitaci\u00f3n de subvenciones o instalaciones el\u00e9ctricas industriales y residenciales. Contamos&nbsp; con los medios t\u00e9cnicos y humanos adecuados para realizar el servicio contratado.<\/p>\n\n\n\n<p><\/p>\n\n\n\n<p><\/p>\n\n\n\n<figure class=\"wp-block-gallery has-nested-images columns-default is-cropped wp-block-gallery-1 is-layout-flex wp-block-gallery-is-layout-flex\">\n<figure class=\"wp-block-image size-large is-style-default\"><img fetchpriority=\"high\" decoding=\"async\" width=\"1024\" height=\"576\" data-id=\"163\" src=\"https:\/\/ense.com.uy\/wp-content\/uploads\/2022\/07\/20180829_161935-1024x576.jpg\" alt=\"\" class=\"wp-image-163\" srcset=\"https:\/\/ense.com.uy\/wp-content\/uploads\/2022\/07\/20180829_161935-1024x576.jpg 1024w, https:\/\/ense.com.uy\/wp-content\/uploads\/2022\/07\/20180829_161935-300x169.jpg 300w, https:\/\/ense.com.uy\/wp-content\/uploads\/2022\/07\/20180829_161935-768x432.jpg 768w, https:\/\/ense.com.uy\/wp-content\/uploads\/2022\/07\/20180829_161935-1536x864.jpg 1536w, https:\/\/ense.com.uy\/wp-content\/uploads\/2022\/07\/20180829_161935-2048x1152.jpg 2048w\" sizes=\"(max-width: 767px) 89vw, (max-width: 1000px) 54vw, (max-width: 1071px) 543px, 580px\" \/><\/figure>\n<\/figure>\n\n\n\n<figure class=\"wp-block-image size-large\"><img decoding=\"async\" width=\"1024\" height=\"492\" src=\"https:\/\/ense.com.uy\/wp-content\/uploads\/2022\/06\/IMG_20200109_171516-1024x492.jpg\" alt=\"\" class=\"wp-image-75\" srcset=\"https:\/\/ense.com.uy\/wp-content\/uploads\/2022\/06\/IMG_20200109_171516-1024x492.jpg 1024w, https:\/\/ense.com.uy\/wp-content\/uploads\/2022\/06\/IMG_20200109_171516-300x144.jpg 300w, https:\/\/ense.com.uy\/wp-content\/uploads\/2022\/06\/IMG_20200109_171516-768x369.jpg 768w, https:\/\/ense.com.uy\/wp-content\/uploads\/2022\/06\/IMG_20200109_171516-1536x738.jpg 1536w, https:\/\/ense.com.uy\/wp-content\/uploads\/2022\/06\/IMG_20200109_171516-2048x985.jpg 2048w\" sizes=\"(max-width: 767px) 89vw, (max-width: 1000px) 54vw, (max-width: 1071px) 543px, 580px\" \/><\/figure>\n\n\n\n<div class=\"wp-block-cover aligncenter\" style=\"min-height:164px;aspect-ratio:unset;\"><span aria-hidden=\"true\" class=\"wp-block-cover__background has-background-dim\"><\/span><img decoding=\"async\" width=\"963\" height=\"1464\" class=\"wp-block-cover__image-background wp-image-124\" alt=\"\" src=\"https:\/\/ense.com.uy\/wp-content\/uploads\/2022\/07\/IMG_20220710_104339.jpg\" data-object-fit=\"cover\" srcset=\"https:\/\/ense.com.uy\/wp-content\/uploads\/2022\/07\/IMG_20220710_104339.jpg 963w, https:\/\/ense.com.uy\/wp-content\/uploads\/2022\/07\/IMG_20220710_104339-197x300.jpg 197w, https:\/\/ense.com.uy\/wp-content\/uploads\/2022\/07\/IMG_20220710_104339-674x1024.jpg 674w, https:\/\/ense.com.uy\/wp-content\/uploads\/2022\/07\/IMG_20220710_104339-768x1168.jpg 768w\" sizes=\"(max-width: 767px) 89vw, (max-width: 1000px) 54vw, (max-width: 1071px) 543px, 580px\" \/><div class=\"wp-block-cover__inner-container is-layout-flow wp-block-cover-is-layout-flow\">\n<p class=\"has-text-align-center has-large-font-size\">ILUMINACI\u00d3N<\/p>\n<\/div><\/div>\n\n\n\n<figure class=\"wp-block-gallery has-nested-images columns-default is-cropped wp-block-gallery-2 is-layout-flex wp-block-gallery-is-layout-flex\">\n<figure class=\"wp-block-image size-large\"><img loading=\"lazy\" decoding=\"async\" width=\"882\" height=\"554\" data-id=\"149\" src=\"https:\/\/ense.com.uy\/wp-content\/uploads\/2022\/07\/IMG_20220717_164223.jpg\" alt=\"\" class=\"wp-image-149\" srcset=\"https:\/\/ense.com.uy\/wp-content\/uploads\/2022\/07\/IMG_20220717_164223.jpg 882w, https:\/\/ense.com.uy\/wp-content\/uploads\/2022\/07\/IMG_20220717_164223-300x188.jpg 300w, https:\/\/ense.com.uy\/wp-content\/uploads\/2022\/07\/IMG_20220717_164223-768x482.jpg 768w\" sizes=\"(max-width: 767px) 89vw, (max-width: 1000px) 54vw, (max-width: 1071px) 543px, 580px\" \/><\/figure>\n<\/figure>\n","protected":false},"excerpt":{"rendered":"<p>Nuestro equipo de&nbsp;electricistas&nbsp;est\u00e1 capacitado para realizar todo tipo de instalaciones: desde puntos de recarga para veh\u00edculos el\u00e9ctricos, a tramitaci\u00f3n de subvenciones o instalaciones el\u00e9ctricas industriales y residenciales. Contamos&nbsp; con los medios t\u00e9cnicos y humanos adecuados para realizar el servicio contratado.<\/p>\n","protected":false},"author":1,"featured_media":0,"parent":0,"menu_order":0,"comment_status":"closed","ping_status":"closed","template":"elementor_theme","meta":{"footnotes":""},"class_list":["post-13","page","type-page","status-publish","hentry"],"_links":{"self":[{"href":"https:\/\/ense.com.uy\/index.php\/wp-json\/wp\/v2\/pages\/13","targetHints":{"allow":["GET"]}}],"collection":[{"href":"https:\/\/ense.com.uy\/index.php\/wp-json\/wp\/v2\/pages"}],"about":[{"href":"https:\/\/ense.com.uy\/index.php\/wp-json\/wp\/v2\/types\/page"}],"author":[{"embeddable":true,"href":"https:\/\/ense.com.uy\/index.php\/wp-json\/wp\/v2\/users\/1"}],"replies":[{"embeddable":true,"href":"https:\/\/ense.com.uy\/index.php\/wp-json\/wp\/v2\/comments?post=13"}],"version-history":[{"count":9,"href":"https:\/\/ense.com.uy\/index.php\/wp-json\/wp\/v2\/pages\/13\/revisions"}],"predecessor-version":[{"id":194,"href":"https:\/\/ense.com.uy\/index.php\/wp-json\/wp\/v2\/pages\/13\/revisions\/194"}],"wp:attachment":[{"href":"https:\/\/ense.com.uy\/index.php\/wp-json\/wp\/v2\/media?parent=13"}],"curies":[{"name":"wp","href":"https:\/\/api.w.org\/{rel}","templated":true}]}}